{"id":5,"date":"2020-05-20T14:19:54","date_gmt":"2020-05-20T12:19:54","guid":{"rendered":"http:\/\/www.vvd-nouvelle-aquitaine.croucrou.com\/?page_id=5"},"modified":"2020-06-16T00:32:11","modified_gmt":"2020-06-15T22:32:11","slug":"maitres","status":"publish","type":"page","link":"https:\/\/www.vvd-nouvelle-aquitaine.croucrou.com\/index.php\/maitres\/","title":{"rendered":"Ma\u00eetres"},"content":{"rendered":"\n<p>Retrouver dans cette cat\u00e9gorie les ma\u00eetres de n\u00f4tre r\u00e9gion Nouvelle Aquitaine<\/p>\n\n\n\n<p>Par Grade et anciennet\u00e9 dans le grade :<\/p>\n\n\n\n<ul class=\"wp-block-list\"><li><a href=\".\/maitre-ba-phuc-louai\/\">Ma\u00eetre Ba Phuc LOUAI 6<sup>\u00e9me<\/sup> Dang<\/a><\/li><li><a href=\".\/maitre-michel-py\/\">Ma\u00eetre Michel PY 5<sup>\u00e9me<\/sup> Dang<\/a><\/li><li><a href=\".\/maitre-jean-pierre-ta\/\">Ma\u00eetre Jean-Pierre TA 5<sup>\u00e9me<\/sup> Dang<\/a><\/li><li><a href=\".\/maitre-daniel-chastagner\/\">Ma\u00eetre Daniel CHASTAGNER 5<sup>\u00e9me<\/sup> Dang<\/a><\/li><li><a href=\".\/maitre-olivier-nouard\/\">Ma\u00eetre Olivier NOUARD 4<sup>\u00e9me<\/sup> Dang<\/a><\/li><li><a href=\".\/maitre-aurelien-cluzeau\/\">Ma\u00eetre Aur\u00e9lien CLUZEAU 4<sup>\u00e9me<\/sup> Dang<\/a><\/li><li><a href=\".\/maitre-thierry-nelet\/\">Ma\u00eetre Thierry NELET 4<sup>\u00e9me<\/sup> Dang<\/a><\/li><li><a href=\".\/maitre-matthieu-simonnet\/\">Ma\u00eetre Matthieu SIMONNET 4<sup>\u00e9me<\/sup> Dang<\/a><\/li><li><a href=\".\/maitre-sophie-ta\/\">Ma\u00eetre Sophie TA 4<sup>\u00e9me<\/sup> Dang<\/a><\/li><li><a href=\".\/maitre-serge-pagnon\/\">Ma\u00eetre Serge PAGNON 4<sup>\u00e9me<\/sup> Dang<\/a><\/li><\/ul>\n\n\n\n<figure class=\"wp-block-image size-large\"><img loading=\"lazy\" decoding=\"async\" width=\"1024\" height=\"642\" src=\"http:\/\/www.vvd-nouvelle-aquitaine.croucrou.com\/wp-content\/uploads\/2020\/05\/SC_2018-11-18_13-29-48-1024x642.jpg\" alt=\"\" class=\"wp-image-86\" srcset=\"https:\/\/www.vvd-nouvelle-aquitaine.croucrou.com\/wp-content\/uploads\/2020\/05\/SC_2018-11-18_13-29-48-1024x642.jpg 1024w, https:\/\/www.vvd-nouvelle-aquitaine.croucrou.com\/wp-content\/uploads\/2020\/05\/SC_2018-11-18_13-29-48-300x188.jpg 300w, https:\/\/www.vvd-nouvelle-aquitaine.croucrou.com\/wp-content\/uploads\/2020\/05\/SC_2018-11-18_13-29-48-768x482.jpg 768w, https:\/\/www.vvd-nouvelle-aquitaine.croucrou.com\/wp-content\/uploads\/2020\/05\/SC_2018-11-18_13-29-48-1536x963.jpg 1536w, https:\/\/www.vvd-nouvelle-aquitaine.croucrou.com\/wp-content\/uploads\/2020\/05\/SC_2018-11-18_13-29-48-96x60.jpg 96w, https:\/\/www.vvd-nouvelle-aquitaine.croucrou.com\/wp-content\/uploads\/2020\/05\/SC_2018-11-18_13-29-48.jpg 1920w\" sizes=\"auto, (max-width: 1024px) 100vw, 1024px\" \/><\/figure>\n","protected":false},"excerpt":{"rendered":"<p>Retrouver dans cette cat\u00e9gorie les ma\u00eetres de n\u00f4tre r\u00e9gion Nouvelle Aquitaine Par Grade et anciennet\u00e9 <a class=\"more-link\" href=\"https:\/\/www.vvd-nouvelle-aquitaine.croucrou.com\/index.php\/maitres\/\">Lire plus\u00a0\u2026<\/a><\/p>\n","protected":false},"author":1,"featured_media":241,"parent":0,"menu_order":0,"comment_status":"closed","ping_status":"closed","template":"","meta":{"footnotes":""},"class_list":["post-5","page","type-page","status-publish","has-post-thumbnail","hentry"],"_links":{"self":[{"href":"https:\/\/www.vvd-nouvelle-aquitaine.croucrou.com\/index.php\/wp-json\/wp\/v2\/pages\/5","targetHints":{"allow":["GET"]}}],"collection":[{"href":"https:\/\/www.vvd-nouvelle-aquitaine.croucrou.com\/index.php\/wp-json\/wp\/v2\/pages"}],"about":[{"href":"https:\/\/www.vvd-nouvelle-aquitaine.croucrou.com\/index.php\/wp-json\/wp\/v2\/types\/page"}],"author":[{"embeddable":true,"href":"https:\/\/www.vvd-nouvelle-aquitaine.croucrou.com\/index.php\/wp-json\/wp\/v2\/users\/1"}],"replies":[{"embeddable":true,"href":"https:\/\/www.vvd-nouvelle-aquitaine.croucrou.com\/index.php\/wp-json\/wp\/v2\/comments?post=5"}],"version-history":[{"count":6,"href":"https:\/\/www.vvd-nouvelle-aquitaine.croucrou.com\/index.php\/wp-json\/wp\/v2\/pages\/5\/revisions"}],"predecessor-version":[{"id":245,"href":"https:\/\/www.vvd-nouvelle-aquitaine.croucrou.com\/index.php\/wp-json\/wp\/v2\/pages\/5\/revisions\/245"}],"wp:featuredmedia":[{"embeddable":true,"href":"https:\/\/www.vvd-nouvelle-aquitaine.croucrou.com\/index.php\/wp-json\/wp\/v2\/media\/241"}],"wp:attachment":[{"href":"https:\/\/www.vvd-nouvelle-aquitaine.croucrou.com\/index.php\/wp-json\/wp\/v2\/media?parent=5"}],"curies":[{"name":"wp","href":"https:\/\/api.w.org\/{rel}","templated":true}]}}