{"id":34,"date":"2020-05-20T21:05:38","date_gmt":"2020-05-20T19:05:38","guid":{"rendered":"http:\/\/www.vvd-nouvelle-aquitaine.croucrou.com\/?page_id=34"},"modified":"2020-06-28T13:52:10","modified_gmt":"2020-06-28T11:52:10","slug":"maitre-jean-pierre-ta","status":"publish","type":"page","link":"https:\/\/www.vvd-nouvelle-aquitaine.croucrou.com\/index.php\/maitres\/maitre-jean-pierre-ta\/","title":{"rendered":"Ma\u00eetre Jean-Pierre TA"},"content":{"rendered":"\n<p>D\u00e9bute en 1983 \u00e0 Tournefeuille et LAUNAGUET ( Midi Pyr\u00e9n\u00e9es) sous la direction de Ma\u00eetre TRUONG QUANG TUAN jusqu&rsquo;en 1992.<\/p>\n\n\n\n<p>Enseignant \u00e0 Witry les Reims et Isles sur Suippe (Champagne Ardenne) de 1992 \u00e0 1998<\/p>\n\n\n\n<p>Enseignant \u00e0 Beurlay (Poitou Charentes) depuis 1999&nbsp;<\/p>\n\n\n\n<p>CHD (Chu\u1ea9n H\u1ed3ng \u0110ai) 4<sup>\u00e8me<\/sup> Dang en 2003<\/p>\n\n\n\n<figure class=\"wp-block-image size-large\"><img loading=\"lazy\" decoding=\"async\" width=\"1024\" height=\"768\" src=\"https:\/\/www.vvd-nouvelle-aquitaine.croucrou.com\/wp-content\/uploads\/2020\/06\/7\u00e8-ciseau-Modifier-1024x768.jpg\" alt=\"\" class=\"wp-image-524\" srcset=\"https:\/\/www.vvd-nouvelle-aquitaine.croucrou.com\/wp-content\/uploads\/2020\/06\/7\u00e8-ciseau-Modifier-1024x768.jpg 1024w, https:\/\/www.vvd-nouvelle-aquitaine.croucrou.com\/wp-content\/uploads\/2020\/06\/7\u00e8-ciseau-Modifier-300x225.jpg 300w, https:\/\/www.vvd-nouvelle-aquitaine.croucrou.com\/wp-content\/uploads\/2020\/06\/7\u00e8-ciseau-Modifier-768x576.jpg 768w, https:\/\/www.vvd-nouvelle-aquitaine.croucrou.com\/wp-content\/uploads\/2020\/06\/7\u00e8-ciseau-Modifier-1536x1152.jpg 1536w, https:\/\/www.vvd-nouvelle-aquitaine.croucrou.com\/wp-content\/uploads\/2020\/06\/7\u00e8-ciseau-Modifier-2048x1536.jpg 2048w\" sizes=\"auto, (max-width: 1024px) 100vw, 1024px\" \/><\/figure>\n\n\n\n<h4 class=\"wp-block-heading\">Fonctions f\u00e9d\u00e9rales occup\u00e9es :<\/h4>\n\n\n\n<ul class=\"wp-block-list\"><li>Responsable de la formation des cadres<\/li><li>Responsable de la formation des Ma\u00eetres<\/li><li>Responsable Technique du Poitou Charentes<\/li><li>Responsable Technique Poitou Charentes et Limousin<\/li><\/ul>\n\n\n\n<h4 class=\"wp-block-heading\">Fonction actuelle :<\/h4>\n\n\n\n<ul class=\"wp-block-list\"><li>RTR (Responsable Technique R\u00e9gional) Nouvelle Aquitaine<\/li><\/ul>\n\n\n\n<figure class=\"wp-block-image size-large\"><img loading=\"lazy\" decoding=\"async\" width=\"787\" height=\"1024\" src=\"http:\/\/www.vvd-nouvelle-aquitaine.croucrou.com\/wp-content\/uploads\/2020\/05\/SC_2018-11-18_13-31-16-1-787x1024.jpg\" alt=\"\" class=\"wp-image-110\" srcset=\"https:\/\/www.vvd-nouvelle-aquitaine.croucrou.com\/wp-content\/uploads\/2020\/05\/SC_2018-11-18_13-31-16-1-787x1024.jpg 787w, https:\/\/www.vvd-nouvelle-aquitaine.croucrou.com\/wp-content\/uploads\/2020\/05\/SC_2018-11-18_13-31-16-1-231x300.jpg 231w, https:\/\/www.vvd-nouvelle-aquitaine.croucrou.com\/wp-content\/uploads\/2020\/05\/SC_2018-11-18_13-31-16-1-768x999.jpg 768w, https:\/\/www.vvd-nouvelle-aquitaine.croucrou.com\/wp-content\/uploads\/2020\/05\/SC_2018-11-18_13-31-16-1-1181x1536.jpg 1181w, https:\/\/www.vvd-nouvelle-aquitaine.croucrou.com\/wp-content\/uploads\/2020\/05\/SC_2018-11-18_13-31-16-1-1574x2048.jpg 1574w, https:\/\/www.vvd-nouvelle-aquitaine.croucrou.com\/wp-content\/uploads\/2020\/05\/SC_2018-11-18_13-31-16-1-46x60.jpg 46w, https:\/\/www.vvd-nouvelle-aquitaine.croucrou.com\/wp-content\/uploads\/2020\/05\/SC_2018-11-18_13-31-16-1-scaled.jpg 1968w\" sizes=\"auto, (max-width: 787px) 100vw, 787px\" \/><\/figure>\n","protected":false},"excerpt":{"rendered":"<p>D\u00e9bute en 1983 \u00e0 Tournefeuille et LAUNAGUET ( Midi Pyr\u00e9n\u00e9es) sous la direction de Ma\u00eetre <a class=\"more-link\" href=\"https:\/\/www.vvd-nouvelle-aquitaine.croucrou.com\/index.php\/maitres\/maitre-jean-pierre-ta\/\">Lire plus\u00a0\u2026<\/a><\/p>\n","protected":false},"author":1,"featured_media":100,"parent":5,"menu_order":0,"comment_status":"closed","ping_status":"closed","template":"","meta":{"footnotes":""},"class_list":["post-34","page","type-page","status-publish","has-post-thumbnail","hentry"],"_links":{"self":[{"href":"https:\/\/www.vvd-nouvelle-aquitaine.croucrou.com\/index.php\/wp-json\/wp\/v2\/pages\/34","targetHints":{"allow":["GET"]}}],"collection":[{"href":"https:\/\/www.vvd-nouvelle-aquitaine.croucrou.com\/index.php\/wp-json\/wp\/v2\/pages"}],"about":[{"href":"https:\/\/www.vvd-nouvelle-aquitaine.croucrou.com\/index.php\/wp-json\/wp\/v2\/types\/page"}],"author":[{"embeddable":true,"href":"https:\/\/www.vvd-nouvelle-aquitaine.croucrou.com\/index.php\/wp-json\/wp\/v2\/users\/1"}],"replies":[{"embeddable":true,"href":"https:\/\/www.vvd-nouvelle-aquitaine.croucrou.com\/index.php\/wp-json\/wp\/v2\/comments?post=34"}],"version-history":[{"count":9,"href":"https:\/\/www.vvd-nouvelle-aquitaine.croucrou.com\/index.php\/wp-json\/wp\/v2\/pages\/34\/revisions"}],"predecessor-version":[{"id":552,"href":"https:\/\/www.vvd-nouvelle-aquitaine.croucrou.com\/index.php\/wp-json\/wp\/v2\/pages\/34\/revisions\/552"}],"up":[{"embeddable":true,"href":"https:\/\/www.vvd-nouvelle-aquitaine.croucrou.com\/index.php\/wp-json\/wp\/v2\/pages\/5"}],"wp:featuredmedia":[{"embeddable":true,"href":"https:\/\/www.vvd-nouvelle-aquitaine.croucrou.com\/index.php\/wp-json\/wp\/v2\/media\/100"}],"wp:attachment":[{"href":"https:\/\/www.vvd-nouvelle-aquitaine.croucrou.com\/index.php\/wp-json\/wp\/v2\/media?parent=34"}],"curies":[{"name":"wp","href":"https:\/\/api.w.org\/{rel}","templated":true}]}}