{"id":30,"date":"2020-05-20T20:46:54","date_gmt":"2020-05-20T18:46:54","guid":{"rendered":"http:\/\/www.vvd-nouvelle-aquitaine.croucrou.com\/?page_id=30"},"modified":"2020-10-05T15:18:37","modified_gmt":"2020-10-05T13:18:37","slug":"condat-sur-vienne","status":"publish","type":"page","link":"https:\/\/www.vvd-nouvelle-aquitaine.croucrou.com\/index.php\/clubs\/condat-sur-vienne\/","title":{"rendered":"Condat sur Vienne"},"content":{"rendered":"\n<figure class=\"wp-block-image size-large is-resized\"><img loading=\"lazy\" decoding=\"async\" src=\"http:\/\/www.vvd-nouvelle-aquitaine.croucrou.com\/wp-content\/uploads\/2020\/05\/SC_2019-04-09_18-43-33-1024x557.jpg\" alt=\"\" class=\"wp-image-20\" width=\"679\" height=\"369\"\/><\/figure>\n\n\n\n<h3 class=\"wp-block-heading\">Pr\u00e9sentation \/ Historique<\/h3>\n\n\n\n<p>Le Club de Condat sur vienne a \u00e9t\u00e9 cr\u00e9\u00e9 en 2011 par Alexandre USA\u00cf et Nicolas GONZALES<\/p>\n\n\n\n<p>Les cours de d\u00e9roulent dans le dojo municipale de Condat sur Vienne <br>27 Avenue de Limoges 87920 Condat sur Vienne<\/p>\n\n\n\n<h3 class=\"wp-block-heading\">Enseignants :<\/h3>\n\n\n\n<ul class=\"wp-block-list\"><li>Yann COLIN 2<sup>\u00e8me<\/sup> Dang (Responsable du Club)<\/li><li>Simon GREBAUX 2<sup>\u00e8me<\/sup> Dang<\/li><li>Sylvain CROUZILLAT 1<sup>er<\/sup> Dang<\/li><li>Virginie DAVIAUD 1<sup>er<\/sup> Dang<\/li><li>Laurent COMPAIN 1<sup>er<\/sup> Dang<\/li><li>Serge BUGEAUD 1<sup>er<\/sup> Dang<\/li><li>Magalie CROUZILLAT <sup>3\u00e8me<\/sup> Cup (Responsable des enfants)<\/li><\/ul>\n\n\n\n<h3 class=\"wp-block-heading\">Horaires  des Entrainements<\/h3>\n\n\n\n<figure class=\"wp-block-table is-style-stripes\"><table><tbody><tr><td>Mardi<\/td><td>18h15<\/td><td>19h15<\/td><td>Cours Enfants<\/td><\/tr><tr><td>Mardi<\/td><td>19h30<\/td><td>21h<\/td><td>Cours Ado &amp; Adulte<\/td><\/tr><tr><td>Jeudi<\/td><td>19h30<\/td><td>21h<\/td><td>Cours Ado &amp; Adulte<\/td><\/tr><tr><td>Samedi<\/td><td>10h<\/td><td>11h30<\/td><td>Cours Enfant, Ado &amp; Adulte<\/td><\/tr><\/tbody><\/table><\/figure>\n\n\n\n<h3 class=\"wp-block-heading\">Titres et Palmar\u00e8s<\/h3>\n\n\n\n<h4 class=\"wp-block-heading\">Coupe du monde<\/h4>\n\n\n\n<ul class=\"wp-block-list\"><li>2014 Champion du monde Khai Mon Quyen Antoine DURAND<\/li><li>2014 Vice Campions du monde Yann COLIN &amp; Adelin DAVIAUD<\/li><li>2018 Vice Champions du monde de combat Fiona GLANGEAUD<\/li><\/ul>\n\n\n\n<h4 class=\"wp-block-heading\">Coupe d\u2019Europe<\/h4>\n\n\n\n<ul class=\"wp-block-list\"><li>2016 Champion d&rsquo;Europe Song Luy\u1ec7n Mot <\/li><li><\/li><\/ul>\n\n\n\n<h4 class=\"wp-block-heading\">Coupe de France \/ GRT<\/h4>\n\n\n\n<ul class=\"wp-block-list\"><li>1<\/li><\/ul>\n\n\n\n<h3 class=\"wp-block-heading\">Page Facebook<\/h3>\n\n\n\n<div id=\"fb-root\"><\/div>\n<script async=\"\" defer=\"\" crossorigin=\"anonymous\" src=\"https:\/\/connect.facebook.net\/fr_FR\/sdk.js#xfbml=1&amp;version=v7.0\"><\/script>\n\n<div class=\"fb-page\" data-href=\"https:\/\/www.facebook.com\/Vovinam.Condat\/\" data-tabs=\"timeline\" data-width=\"500\" data-height=\"800\" data-small-header=\"true\" data-adapt-container-width=\"true\" data-hide-cover=\"false\" data-show-facepile=\"false\"><blockquote cite=\"https:\/\/www.facebook.com\/Vovinam.Condat\/\" class=\"fb-xfbml-parse-ignore\"><a href=\"https:\/\/www.facebook.com\/Vovinam.Condat\/\">Vovinam Vi\u1ec7t V\u00f5 \u0110\u1ea1o &#8211; Condat\/Vienne<\/a><\/blockquote><\/div>\n","protected":false},"excerpt":{"rendered":"<p>Pr\u00e9sentation \/ Historique Le Club de Condat sur vienne a \u00e9t\u00e9 cr\u00e9\u00e9 en 2011 par <a class=\"more-link\" href=\"https:\/\/www.vvd-nouvelle-aquitaine.croucrou.com\/index.php\/clubs\/condat-sur-vienne\/\">Lire plus\u00a0\u2026<\/a><\/p>\n","protected":false},"author":1,"featured_media":20,"parent":7,"menu_order":0,"comment_status":"closed","ping_status":"closed","template":"","meta":{"footnotes":""},"class_list":["post-30","page","type-page","status-publish","has-post-thumbnail","hentry"],"_links":{"self":[{"href":"https:\/\/www.vvd-nouvelle-aquitaine.croucrou.com\/index.php\/wp-json\/wp\/v2\/pages\/30","targetHints":{"allow":["GET"]}}],"collection":[{"href":"https:\/\/www.vvd-nouvelle-aquitaine.croucrou.com\/index.php\/wp-json\/wp\/v2\/pages"}],"about":[{"href":"https:\/\/www.vvd-nouvelle-aquitaine.croucrou.com\/index.php\/wp-json\/wp\/v2\/types\/page"}],"author":[{"embeddable":true,"href":"https:\/\/www.vvd-nouvelle-aquitaine.croucrou.com\/index.php\/wp-json\/wp\/v2\/users\/1"}],"replies":[{"embeddable":true,"href":"https:\/\/www.vvd-nouvelle-aquitaine.croucrou.com\/index.php\/wp-json\/wp\/v2\/comments?post=30"}],"version-history":[{"count":24,"href":"https:\/\/www.vvd-nouvelle-aquitaine.croucrou.com\/index.php\/wp-json\/wp\/v2\/pages\/30\/revisions"}],"predecessor-version":[{"id":559,"href":"https:\/\/www.vvd-nouvelle-aquitaine.croucrou.com\/index.php\/wp-json\/wp\/v2\/pages\/30\/revisions\/559"}],"up":[{"embeddable":true,"href":"https:\/\/www.vvd-nouvelle-aquitaine.croucrou.com\/index.php\/wp-json\/wp\/v2\/pages\/7"}],"wp:featuredmedia":[{"embeddable":true,"href":"https:\/\/www.vvd-nouvelle-aquitaine.croucrou.com\/index.php\/wp-json\/wp\/v2\/media\/20"}],"wp:attachment":[{"href":"https:\/\/www.vvd-nouvelle-aquitaine.croucrou.com\/index.php\/wp-json\/wp\/v2\/media?parent=30"}],"curies":[{"name":"wp","href":"https:\/\/api.w.org\/{rel}","templated":true}]}}