{"id":137,"date":"2020-05-21T17:56:37","date_gmt":"2020-05-21T15:56:37","guid":{"rendered":"http:\/\/www.vvd-nouvelle-aquitaine.croucrou.com\/?page_id=137"},"modified":"2020-06-23T22:24:59","modified_gmt":"2020-06-23T20:24:59","slug":"poitiers","status":"publish","type":"page","link":"https:\/\/www.vvd-nouvelle-aquitaine.croucrou.com\/index.php\/clubs\/poitiers\/","title":{"rendered":"Poitiers"},"content":{"rendered":"\n<h2 class=\"wp-block-heading\">Cercle Culturel Vovinam Vi\u00eat V\u00f5 Dao Cay Tre de Poitiers<\/h2>\n\n\n\n<h3 class=\"wp-block-heading\">Pr\u00e9sentation \/ Historique<\/h3>\n\n\n\n<p>Ann\u00e9e de Cr\u00e9ation: <strong>1975<\/strong><\/p>\n\n\n\n<p>Les entra\u00eenements ont lieu au Gymnase des \u00c9cossais, rue des \u00c9cossais, en centre ville de Poitiers.<\/p>\n\n\n\n<h3 class=\"wp-block-heading\">Enseignants :<\/h3>\n\n\n\n<ul class=\"wp-block-list\"><li><a href=\".\/maitres\/maitre-michel-py\/\">Ma\u00eetre PY Michel<\/a> 5<sup>\u00e8me<\/sup> Dang (Responsable Ceinture Jaunes et CB 3\u00e8me Cap)<\/li><li><a href=\".\/maitres\/maitre-matthieu-simonnet\/\">Ma\u00eetre SIMONNET Matthieu<\/a> 4<sup>\u00e8me<\/sup> Dang (Responsable enfants \u00e0 partir de 11 ans et CB)<\/li><li><a href=\".\/maitres\/maitre-thierry-nelet\/\">Ma\u00eetre NELET Thierry<\/a> 4<sup>\u00e8me<\/sup> Dang (Responsable Ceinture Bleu)<br><strong>Assistant<\/strong> :<\/li><li>BOURRIAULT Lo\u00efc 2<sup>\u00e8me<\/sup> Dang<\/li><\/ul>\n\n\n<p>a<\/p>\n\n\n<h4 class=\"wp-block-heading\">Horaires des Entrainements<\/h4>\n\n\n\n<figure class=\"wp-block-table is-style-stripes\"><table><tbody><tr><td>Mardi<\/td><td>18h30<\/td><td>20h00<\/td><td>Ceinture Jaune et 3<sup>\u00e8me<\/sup> Cap<\/td><\/tr><tr><td>Mardi<\/td><td>20h00<\/td><td>22h00<\/td><td>Adultes tous niveaux<\/td><\/tr><tr><td>Mercredi<\/td><td>17h30<\/td><td>19h00<\/td><td>Enfants \u00e0 partir de 11 ans<\/td><\/tr><tr><td>Jeudi<\/td><td>19h00<\/td><td>20h00<\/td><td>Ceintures Jaunes et 3<sup>\u00e8me<\/sup> Cap<\/td><\/tr><tr><td>Jeudi<\/td><td>20h00<\/td><td>22h00<\/td><td>Adultes tous niveaux<\/td><\/tr><\/tbody><\/table><figcaption>vcxvx<\/figcaption><\/figure>\n\n\n\n<figure class=\"wp-block-image size-large\"><img loading=\"lazy\" decoding=\"async\" width=\"713\" height=\"1024\" src=\"http:\/\/www.vvd-nouvelle-aquitaine.croucrou.com\/wp-content\/uploads\/2020\/06\/Affiche-Poitiers-713x1024.png\" alt=\"\" class=\"wp-image-347\" srcset=\"https:\/\/www.vvd-nouvelle-aquitaine.croucrou.com\/wp-content\/uploads\/2020\/06\/Affiche-Poitiers-713x1024.png 713w, https:\/\/www.vvd-nouvelle-aquitaine.croucrou.com\/wp-content\/uploads\/2020\/06\/Affiche-Poitiers-209x300.png 209w, https:\/\/www.vvd-nouvelle-aquitaine.croucrou.com\/wp-content\/uploads\/2020\/06\/Affiche-Poitiers-768x1103.png 768w, https:\/\/www.vvd-nouvelle-aquitaine.croucrou.com\/wp-content\/uploads\/2020\/06\/Affiche-Poitiers.png 1064w\" sizes=\"auto, (max-width: 713px) 100vw, 713px\" \/><\/figure>\n\n\n\n<p><\/p>\n","protected":false},"excerpt":{"rendered":"<p>Cercle Culturel Vovinam Vi\u00eat V\u00f5 Dao Cay Tre de Poitiers Pr\u00e9sentation \/ Historique Ann\u00e9e de <a class=\"more-link\" href=\"https:\/\/www.vvd-nouvelle-aquitaine.croucrou.com\/index.php\/clubs\/poitiers\/\">Lire plus\u00a0\u2026<\/a><\/p>\n","protected":false},"author":1,"featured_media":339,"parent":7,"menu_order":0,"comment_status":"closed","ping_status":"closed","template":"","meta":{"footnotes":""},"class_list":["post-137","page","type-page","status-publish","has-post-thumbnail","hentry"],"_links":{"self":[{"href":"https:\/\/www.vvd-nouvelle-aquitaine.croucrou.com\/index.php\/wp-json\/wp\/v2\/pages\/137","targetHints":{"allow":["GET"]}}],"collection":[{"href":"https:\/\/www.vvd-nouvelle-aquitaine.croucrou.com\/index.php\/wp-json\/wp\/v2\/pages"}],"about":[{"href":"https:\/\/www.vvd-nouvelle-aquitaine.croucrou.com\/index.php\/wp-json\/wp\/v2\/types\/page"}],"author":[{"embeddable":true,"href":"https:\/\/www.vvd-nouvelle-aquitaine.croucrou.com\/index.php\/wp-json\/wp\/v2\/users\/1"}],"replies":[{"embeddable":true,"href":"https:\/\/www.vvd-nouvelle-aquitaine.croucrou.com\/index.php\/wp-json\/wp\/v2\/comments?post=137"}],"version-history":[{"count":34,"href":"https:\/\/www.vvd-nouvelle-aquitaine.croucrou.com\/index.php\/wp-json\/wp\/v2\/pages\/137\/revisions"}],"predecessor-version":[{"id":509,"href":"https:\/\/www.vvd-nouvelle-aquitaine.croucrou.com\/index.php\/wp-json\/wp\/v2\/pages\/137\/revisions\/509"}],"up":[{"embeddable":true,"href":"https:\/\/www.vvd-nouvelle-aquitaine.croucrou.com\/index.php\/wp-json\/wp\/v2\/pages\/7"}],"wp:featuredmedia":[{"embeddable":true,"href":"https:\/\/www.vvd-nouvelle-aquitaine.croucrou.com\/index.php\/wp-json\/wp\/v2\/media\/339"}],"wp:attachment":[{"href":"https:\/\/www.vvd-nouvelle-aquitaine.croucrou.com\/index.php\/wp-json\/wp\/v2\/media?parent=137"}],"curies":[{"name":"wp","href":"https:\/\/api.w.org\/{rel}","templated":true}]}}