{"id":133,"date":"2020-05-21T17:53:10","date_gmt":"2020-05-21T15:53:10","guid":{"rendered":"http:\/\/www.vvd-nouvelle-aquitaine.croucrou.com\/?page_id=133"},"modified":"2020-10-05T15:20:14","modified_gmt":"2020-10-05T13:20:14","slug":"ambazac","status":"publish","type":"page","link":"https:\/\/www.vvd-nouvelle-aquitaine.croucrou.com\/index.php\/clubs\/ambazac\/","title":{"rendered":"Ambazac"},"content":{"rendered":"\n<h3 class=\"wp-block-heading\">Pr\u00e9sentation \/ Historique<\/h3>\n\n\n\n<p>Le club est cr\u00e9e en septembre 2018 par Alexandre USA\u00cf. <\/p>\n\n\n\n<p>Les entra\u00eenements  se d\u00e9roulent les lundis et mercredis de 18 \u00e0 20h et le samedi de 10 \u00e0 midi au dojo municipal du Muret.<\/p>\n\n\n\n<h3 class=\"wp-block-heading\">Enseignants :<\/h3>\n\n\n\n<ul class=\"wp-block-list\"><li>Alexandre USA\u00cf 2<sup>\u00e8me<\/sup> Dang (Responsable du Club)<\/li><li>Arnaud FAUCHER 1<sup>er<\/sup> Dang<\/li><\/ul>\n\n\n\n<figure class=\"wp-block-image size-large\"><img loading=\"lazy\" decoding=\"async\" width=\"1024\" height=\"904\" src=\"https:\/\/www.vvd-nouvelle-aquitaine.croucrou.com\/wp-content\/uploads\/2020\/06\/42201389_2105078079538280_4887517983636717568_o-1-e1593269235508-1024x904.jpg\" alt=\"\" class=\"wp-image-543\" srcset=\"https:\/\/www.vvd-nouvelle-aquitaine.croucrou.com\/wp-content\/uploads\/2020\/06\/42201389_2105078079538280_4887517983636717568_o-1-e1593269235508-1024x904.jpg 1024w, https:\/\/www.vvd-nouvelle-aquitaine.croucrou.com\/wp-content\/uploads\/2020\/06\/42201389_2105078079538280_4887517983636717568_o-1-e1593269235508-300x265.jpg 300w, https:\/\/www.vvd-nouvelle-aquitaine.croucrou.com\/wp-content\/uploads\/2020\/06\/42201389_2105078079538280_4887517983636717568_o-1-e1593269235508-768x678.jpg 768w, https:\/\/www.vvd-nouvelle-aquitaine.croucrou.com\/wp-content\/uploads\/2020\/06\/42201389_2105078079538280_4887517983636717568_o-1-e1593269235508.jpg 1536w\" sizes=\"auto, (max-width: 1024px) 100vw, 1024px\" \/><\/figure>\n\n\n\n<h3 class=\"wp-block-heading\">Horaires des Entrainements<\/h3>\n\n\n\n<figure class=\"wp-block-table is-style-stripes\"><table><tbody><tr><td>Lundi<\/td><td>18h<\/td><td>20h<\/td><td>Cours enfants &amp; adultes<\/td><\/tr><tr><td>Mercredi<\/td><td>18h<\/td><td>20h<\/td><td>Cours enfants &amp; adultes<\/td><\/tr><tr><td>Samedi<\/td><td>10h<\/td><td>12h<\/td><td>Cours enfants &amp; adultes<\/td><\/tr><\/tbody><\/table><\/figure>\n\n\n\n<h3 class=\"wp-block-heading\">Titres et Palmar\u00e8s<\/h3>\n\n\n\n<h4 class=\"wp-block-heading\">Coupe de France \/ GRT<\/h4>\n\n\n\n<ul class=\"wp-block-list\"><li>2019 Champion de France Lutte cat\u00e9gorie &#8211; de 75 kilos Arnaud FAUCHER<\/li><\/ul>\n\n\n\n<h3 class=\"wp-block-heading\">Page Facebook<\/h3>\n\n\n\n<div id=\"fb-root\"><\/div>\n<script async=\"\" defer=\"\" crossorigin=\"anonymous\" src=\"https:\/\/connect.facebook.net\/fr_FR\/sdk.js#xfbml=1&amp;version=v7.0\"><\/script>\n\n<div class=\"fb-page\" data-href=\"https:\/\/www.facebook.com\/Ambazac-Vovinam-Viet-Vo-Dao-1998123840233705\/\" data-tabs=\"timeline\" data-width=\"500\" data-height=\"800\" data-small-header=\"true\" data-adapt-container-width=\"true\" data-hide-cover=\"false\" data-show-facepile=\"false\"><blockquote cite=\"https:\/\/www.facebook.com\/Ambazac-Vovinam-Viet-Vo-Dao-1998123840233705\/\" class=\"fb-xfbml-parse-ignore\"><a href=\"https:\/\/www.facebook.com\/Ambazac-Vovinam-Viet-Vo-Dao-1998123840233705\/\">Vovinam Vi\u1ec7t V\u00f5 \u0110\u1ea1o &#8211; Condat\/Vienne<\/a><\/blockquote><\/div>\n","protected":false},"excerpt":{"rendered":"<p>Pr\u00e9sentation \/ Historique Le club est cr\u00e9e en septembre 2018 par Alexandre USA\u00cf. Les entra\u00eenements <a class=\"more-link\" href=\"https:\/\/www.vvd-nouvelle-aquitaine.croucrou.com\/index.php\/clubs\/ambazac\/\">Lire plus\u00a0\u2026<\/a><\/p>\n","protected":false},"author":1,"featured_media":537,"parent":7,"menu_order":0,"comment_status":"closed","ping_status":"closed","template":"","meta":{"footnotes":""},"class_list":["post-133","page","type-page","status-publish","has-post-thumbnail","hentry"],"_links":{"self":[{"href":"https:\/\/www.vvd-nouvelle-aquitaine.croucrou.com\/index.php\/wp-json\/wp\/v2\/pages\/133","targetHints":{"allow":["GET"]}}],"collection":[{"href":"https:\/\/www.vvd-nouvelle-aquitaine.croucrou.com\/index.php\/wp-json\/wp\/v2\/pages"}],"about":[{"href":"https:\/\/www.vvd-nouvelle-aquitaine.croucrou.com\/index.php\/wp-json\/wp\/v2\/types\/page"}],"author":[{"embeddable":true,"href":"https:\/\/www.vvd-nouvelle-aquitaine.croucrou.com\/index.php\/wp-json\/wp\/v2\/users\/1"}],"replies":[{"embeddable":true,"href":"https:\/\/www.vvd-nouvelle-aquitaine.croucrou.com\/index.php\/wp-json\/wp\/v2\/comments?post=133"}],"version-history":[{"count":7,"href":"https:\/\/www.vvd-nouvelle-aquitaine.croucrou.com\/index.php\/wp-json\/wp\/v2\/pages\/133\/revisions"}],"predecessor-version":[{"id":557,"href":"https:\/\/www.vvd-nouvelle-aquitaine.croucrou.com\/index.php\/wp-json\/wp\/v2\/pages\/133\/revisions\/557"}],"up":[{"embeddable":true,"href":"https:\/\/www.vvd-nouvelle-aquitaine.croucrou.com\/index.php\/wp-json\/wp\/v2\/pages\/7"}],"wp:featuredmedia":[{"embeddable":true,"href":"https:\/\/www.vvd-nouvelle-aquitaine.croucrou.com\/index.php\/wp-json\/wp\/v2\/media\/537"}],"wp:attachment":[{"href":"https:\/\/www.vvd-nouvelle-aquitaine.croucrou.com\/index.php\/wp-json\/wp\/v2\/media?parent=133"}],"curies":[{"name":"wp","href":"https:\/\/api.w.org\/{rel}","templated":true}]}}