{"id":130,"date":"2020-05-21T17:48:38","date_gmt":"2020-05-21T15:48:38","guid":{"rendered":"http:\/\/www.vvd-nouvelle-aquitaine.croucrou.com\/?page_id=130"},"modified":"2020-06-23T22:34:31","modified_gmt":"2020-06-23T20:34:31","slug":"limoges","status":"publish","type":"page","link":"https:\/\/www.vvd-nouvelle-aquitaine.croucrou.com\/index.php\/clubs\/limoges\/","title":{"rendered":"Limoges centre"},"content":{"rendered":"\n<h2 class=\"wp-block-heading\">L&rsquo;\u00e9cole de Vovinam Viet Vo Dao Limoges Centre<\/h2>\n\n\n\n<h3 class=\"wp-block-heading\">Pr\u00e9sentation \/ Historique<\/h3>\n\n\n\n<p>Le nom de l&rsquo;\u00e9cole (*) (Vovinam, la voie de l&rsquo;art martial vietnamien) situe d&#8217;embl\u00e9e son domaine d&rsquo;activit\u00e9 et le compl\u00e9ment de titre, Limoges Centre, sert \u00e0 la diff\u00e9rencier des autres Ecoles locales de Vovinam. Ce titre s&rsquo;explique du fait que Limoges, au d\u00e9but des ann\u00e9es soixante-dix, quatre-vingts \u00e9tait la capital des arts martiaux vietnamiens. D\u00e8s l&rsquo;origine, en 1973, l&rsquo;un des fondateurs de l&rsquo;\u00e9cole, Daniel Chastagner, commen\u00e7a de pratiquer cet art martial sous la direction de Ma\u00eetre Phan Hoang et avec les Ma\u00eetres Ha Kim khanh, Ba Hien Phi Long, Do Long et Tran Nguyen Dao. Puis durant plus de vingt ans il entraina et dans le m\u00eame temps pr\u00e9sida aux destin\u00e9es du club de Limoges-Beaubreuil. La cr\u00e9ation de l&rsquo;\u00e9cole date du 19 aout 2011. C&rsquo;est Daniel Chastagner qui dispense les cours de l&rsquo;\u00e9cole, aid\u00e9 par Rithya Seng. La volont\u00e9 des fondateurs \u00e9tait telle que, le jour m\u00eame, l&rsquo;association, \u00e9tait d\u00e9clar\u00e9e en pr\u00e9fecture, un dojo et des cr\u00e9neaux horaires attribu\u00e9s par le service des sports de la ville de Limoges, une assurance souscrite, l&rsquo;agr\u00e9ment part la CAF de la Haute-Vienne et l&rsquo;affiliation \u00e0 la f\u00e9d\u00e9ration. Les enseignants \u00e9tant dument dipl\u00f4m\u00e9s, le dossier administratif complet, et la pratique s\u00e9rieuse, l&rsquo;\u00e9cole a obtenu l&rsquo;agr\u00e9ment du Minist\u00e8re des Sports. <\/p>\n\n\n\n<p><em>(*) nous pr\u00e9f\u00e9rons utiliser le mot Ecole, plut\u00f4t que club:il correspond mieux \u00e0 la conception qu&rsquo;ont les fondateurs<br>des arts martiaux (au Vietnam, on dis hoi, en Chine, huei : r\u00e9union, assembl\u00e9e, soci\u00e9t\u00e9).<\/em><\/p>\n\n\n\n<p>Les cours de d\u00e9roulent au gymnase de la bastides 26 All\u00e9e Georges Seurat, 87100 Limoges<\/p>\n\n\n\n<h3 class=\"wp-block-heading\">Enseignants :<\/h3>\n\n\n\n<ul class=\"wp-block-list\"><li><a href=\".\/maitres\/maitre-daniel-chastagner\/\">Maitre Daniel CHASTAGNER<\/a> 5<sup>\u00e9me<\/sup> Dang<\/li><li>Rithya SENG 3<sup>\u00e9me<\/sup> Dang<\/li><\/ul>\n\n\n\n<h3 class=\"wp-block-heading\">Horaires des Entrainements<\/h3>\n\n\n\n<figure class=\"wp-block-table is-style-stripes\"><table><tbody><tr><td>Mercredi<\/td><td>15h00<\/td><td>16h30<\/td><td>Cours Ma\u00eetres<\/td><\/tr><tr><td>Mercredi<\/td><td>16h30<\/td><td>17h30<\/td><td>Cours tous niveaux<\/td><\/tr><tr><td>Jeudi<\/td><td>17h30<\/td><td>19h00<\/td><td>Cours tous niveaux<\/td><\/tr><tr><td>Samedi<\/td><td>10h00<\/td><td>12h00<\/td><td>Cours tous niveaux<\/td><\/tr><\/tbody><\/table><\/figure>\n\n\n\n<p> <\/p>\n","protected":false},"excerpt":{"rendered":"<p>L&rsquo;\u00e9cole de Vovinam Viet Vo Dao Limoges Centre Pr\u00e9sentation \/ Historique Le nom de l&rsquo;\u00e9cole <a class=\"more-link\" href=\"https:\/\/www.vvd-nouvelle-aquitaine.croucrou.com\/index.php\/clubs\/limoges\/\">Lire plus\u00a0\u2026<\/a><\/p>\n","protected":false},"author":1,"featured_media":0,"parent":7,"menu_order":0,"comment_status":"closed","ping_status":"closed","template":"","meta":{"footnotes":""},"class_list":["post-130","page","type-page","status-publish","hentry"],"_links":{"self":[{"href":"https:\/\/www.vvd-nouvelle-aquitaine.croucrou.com\/index.php\/wp-json\/wp\/v2\/pages\/130","targetHints":{"allow":["GET"]}}],"collection":[{"href":"https:\/\/www.vvd-nouvelle-aquitaine.croucrou.com\/index.php\/wp-json\/wp\/v2\/pages"}],"about":[{"href":"https:\/\/www.vvd-nouvelle-aquitaine.croucrou.com\/index.php\/wp-json\/wp\/v2\/types\/page"}],"author":[{"embeddable":true,"href":"https:\/\/www.vvd-nouvelle-aquitaine.croucrou.com\/index.php\/wp-json\/wp\/v2\/users\/1"}],"replies":[{"embeddable":true,"href":"https:\/\/www.vvd-nouvelle-aquitaine.croucrou.com\/index.php\/wp-json\/wp\/v2\/comments?post=130"}],"version-history":[{"count":13,"href":"https:\/\/www.vvd-nouvelle-aquitaine.croucrou.com\/index.php\/wp-json\/wp\/v2\/pages\/130\/revisions"}],"predecessor-version":[{"id":511,"href":"https:\/\/www.vvd-nouvelle-aquitaine.croucrou.com\/index.php\/wp-json\/wp\/v2\/pages\/130\/revisions\/511"}],"up":[{"embeddable":true,"href":"https:\/\/www.vvd-nouvelle-aquitaine.croucrou.com\/index.php\/wp-json\/wp\/v2\/pages\/7"}],"wp:attachment":[{"href":"https:\/\/www.vvd-nouvelle-aquitaine.croucrou.com\/index.php\/wp-json\/wp\/v2\/media?parent=130"}],"curies":[{"name":"wp","href":"https:\/\/api.w.org\/{rel}","templated":true}]}}