{"id":114,"date":"2020-05-21T13:36:07","date_gmt":"2020-05-21T11:36:07","guid":{"rendered":"http:\/\/www.vvd-nouvelle-aquitaine.croucrou.com\/?page_id=114"},"modified":"2020-06-28T13:34:42","modified_gmt":"2020-06-28T11:34:42","slug":"maitre-sophie-ta","status":"publish","type":"page","link":"https:\/\/www.vvd-nouvelle-aquitaine.croucrou.com\/index.php\/maitres\/maitre-sophie-ta\/","title":{"rendered":"Ma\u00eetre Sophie TA"},"content":{"rendered":"\n<p>D\u00e9bute en 1990 \u00e0 Tournefeuille (Midi Pyr\u00e9n\u00e9es)<\/p>\n\n\n\n<p>Apr\u00e8s un passage \u00e0 Witry l\u00e8s Reims (Champagne Ardennes) de 1992 \u00e0 1998<\/p>\n\n\n\n<p>Beurlay (Charente Maritime) depuis 1999<\/p>\n\n\n\n<p>CHD (Chu\u1ea9n H\u1ed5ng \u0110ai) 4<sup>\u00e8me<\/sup> Dang depuis 2018<\/p>\n\n\n\n<h4 class=\"wp-block-heading\">Fonctions actuelles :<\/h4>\n\n\n\n<ul class=\"wp-block-list\"><li>Secr\u00e9taire et enseignante au club de Beurlay<\/li><li>Secr\u00e9taire adjointe de la F\u00e9d\u00e9ration VVN VVD France<\/li><\/ul>\n\n\n\n<figure class=\"wp-block-image size-large is-style-default\"><img loading=\"lazy\" decoding=\"async\" width=\"796\" height=\"1024\" src=\"http:\/\/www.vvd-nouvelle-aquitaine.croucrou.com\/wp-content\/uploads\/2020\/05\/SC_2018-11-18_13-35-40-1-796x1024.jpg\" alt=\"\" class=\"wp-image-106\" srcset=\"https:\/\/www.vvd-nouvelle-aquitaine.croucrou.com\/wp-content\/uploads\/2020\/05\/SC_2018-11-18_13-35-40-1-796x1024.jpg 796w, https:\/\/www.vvd-nouvelle-aquitaine.croucrou.com\/wp-content\/uploads\/2020\/05\/SC_2018-11-18_13-35-40-1-233x300.jpg 233w, https:\/\/www.vvd-nouvelle-aquitaine.croucrou.com\/wp-content\/uploads\/2020\/05\/SC_2018-11-18_13-35-40-1-768x988.jpg 768w, https:\/\/www.vvd-nouvelle-aquitaine.croucrou.com\/wp-content\/uploads\/2020\/05\/SC_2018-11-18_13-35-40-1-1194x1536.jpg 1194w, https:\/\/www.vvd-nouvelle-aquitaine.croucrou.com\/wp-content\/uploads\/2020\/05\/SC_2018-11-18_13-35-40-1-1592x2048.jpg 1592w, https:\/\/www.vvd-nouvelle-aquitaine.croucrou.com\/wp-content\/uploads\/2020\/05\/SC_2018-11-18_13-35-40-1-47x60.jpg 47w, https:\/\/www.vvd-nouvelle-aquitaine.croucrou.com\/wp-content\/uploads\/2020\/05\/SC_2018-11-18_13-35-40-1-scaled.jpg 1990w\" sizes=\"auto, (max-width: 796px) 100vw, 796px\" \/><\/figure>\n","protected":false},"excerpt":{"rendered":"<p>D\u00e9bute en 1990 \u00e0 Tournefeuille (Midi Pyr\u00e9n\u00e9es) Apr\u00e8s un passage \u00e0 Witry l\u00e8s Reims (Champagne <a class=\"more-link\" href=\"https:\/\/www.vvd-nouvelle-aquitaine.croucrou.com\/index.php\/maitres\/maitre-sophie-ta\/\">Lire plus\u00a0\u2026<\/a><\/p>\n","protected":false},"author":1,"featured_media":97,"parent":5,"menu_order":0,"comment_status":"closed","ping_status":"closed","template":"","meta":{"footnotes":""},"class_list":["post-114","page","type-page","status-publish","has-post-thumbnail","hentry"],"_links":{"self":[{"href":"https:\/\/www.vvd-nouvelle-aquitaine.croucrou.com\/index.php\/wp-json\/wp\/v2\/pages\/114","targetHints":{"allow":["GET"]}}],"collection":[{"href":"https:\/\/www.vvd-nouvelle-aquitaine.croucrou.com\/index.php\/wp-json\/wp\/v2\/pages"}],"about":[{"href":"https:\/\/www.vvd-nouvelle-aquitaine.croucrou.com\/index.php\/wp-json\/wp\/v2\/types\/page"}],"author":[{"embeddable":true,"href":"https:\/\/www.vvd-nouvelle-aquitaine.croucrou.com\/index.php\/wp-json\/wp\/v2\/users\/1"}],"replies":[{"embeddable":true,"href":"https:\/\/www.vvd-nouvelle-aquitaine.croucrou.com\/index.php\/wp-json\/wp\/v2\/comments?post=114"}],"version-history":[{"count":9,"href":"https:\/\/www.vvd-nouvelle-aquitaine.croucrou.com\/index.php\/wp-json\/wp\/v2\/pages\/114\/revisions"}],"predecessor-version":[{"id":550,"href":"https:\/\/www.vvd-nouvelle-aquitaine.croucrou.com\/index.php\/wp-json\/wp\/v2\/pages\/114\/revisions\/550"}],"up":[{"embeddable":true,"href":"https:\/\/www.vvd-nouvelle-aquitaine.croucrou.com\/index.php\/wp-json\/wp\/v2\/pages\/5"}],"wp:featuredmedia":[{"embeddable":true,"href":"https:\/\/www.vvd-nouvelle-aquitaine.croucrou.com\/index.php\/wp-json\/wp\/v2\/media\/97"}],"wp:attachment":[{"href":"https:\/\/www.vvd-nouvelle-aquitaine.croucrou.com\/index.php\/wp-json\/wp\/v2\/media?parent=114"}],"curies":[{"name":"wp","href":"https:\/\/api.w.org\/{rel}","templated":true}]}}